{"id":61382,"date":"2023-11-14T21:34:47","date_gmt":"2023-11-14T21:34:47","guid":{"rendered":"https:\/\/alquilerdecarpasquitoecuador.com\/faqs\/"},"modified":"2025-04-22T15:33:34","modified_gmt":"2025-04-22T15:33:34","slug":"faqs","status":"publish","type":"page","link":"https:\/\/alquilerdecarpasquitoecuador.com\/es\/faqs\/","title":{"rendered":"FAQs"},"content":{"rendered":"\t\t<div data-elementor-type=\"wp-page\" data-elementor-id=\"61382\" class=\"elementor elementor-61382\">\n\t\t\t\t\t\t<section class=\"elementor-section elementor-top-section elementor-element elementor-element-186831e6 elementor-section-boxed elementor-section-height-default elementor-section-height-default sc_fly_static\" data-id=\"186831e6\" data-element_type=\"section\">\n\t\t\t\t\t\t<div class=\"elementor-container elementor-column-gap-extended\">\n\t\t\t\t\t<div class=\"elementor-column elementor-col-100 elementor-top-column elementor-element elementor-element-257b251 sc_content_align_inherit sc_layouts_column_icons_position_left sc_fly_static\" data-id=\"257b251\" data-element_type=\"column\">\n\t\t\t<div class=\"elementor-widget-wrap elementor-element-populated\">\n\t\t\t\t\t\t<div class=\"elementor-element elementor-element-34d2bedb sc_fly_static elementor-widget elementor-widget-spacer\" data-id=\"34d2bedb\" data-element_type=\"widget\" data-widget_type=\"spacer.default\">\n\t\t\t\t<div class=\"elementor-widget-container\">\n\t\t\t\t\t\t\t<div class=\"elementor-spacer\">\n\t\t\t<div class=\"elementor-spacer-inner\"><\/div>\n\t\t<\/div>\n\t\t\t\t\t\t<\/div>\n\t\t\t\t<\/div>\n\t\t\t\t\t<\/div>\n\t\t<\/div>\n\t\t\t\t\t<\/div>\n\t\t<\/section>\n\t\t\t\t<section class=\"elementor-section elementor-top-section elementor-element elementor-element-518ecd7 elementor-section-boxed elementor-section-height-default elementor-section-height-default sc_fly_static\" data-id=\"518ecd7\" data-element_type=\"section\">\n\t\t\t\t\t\t<div class=\"elementor-container elementor-column-gap-extended\">\n\t\t\t\t\t<div class=\"elementor-column elementor-col-16 elementor-top-column elementor-element elementor-element-13c390c sc_content_align_inherit sc_layouts_column_icons_position_left sc_fly_static\" data-id=\"13c390c\" data-element_type=\"column\">\n\t\t\t<div class=\"elementor-widget-wrap\">\n\t\t\t\t\t\t\t<\/div>\n\t\t<\/div>\n\t\t\t\t<div class=\"elementor-column elementor-col-66 elementor-top-column elementor-element elementor-element-7c5186c sc_content_align_inherit sc_layouts_column_icons_position_left sc_fly_static\" data-id=\"7c5186c\" data-element_type=\"column\">\n\t\t\t<div class=\"elementor-widget-wrap elementor-element-populated\">\n\t\t\t\t\t\t<div class=\"elementor-element elementor-element-4c3c704 sc_fly_static elementor-widget elementor-widget-heading\" data-id=\"4c3c704\" data-element_type=\"widget\" data-widget_type=\"heading.default\">\n\t\t\t\t<div class=\"elementor-widget-container\">\n\t\t\t\t\t<h2 class=\"elementor-heading-title elementor-size-default\">Preguntas Frecuentes (FAQs)<\/h2>\t\t\t\t<\/div>\n\t\t\t\t<\/div>\n\t\t\t\t<div class=\"elementor-element elementor-element-c9c73e2 bordered sc_fly_static elementor-widget elementor-widget-accordion\" data-id=\"c9c73e2\" data-element_type=\"widget\" data-widget_type=\"accordion.default\">\n\t\t\t\t<div class=\"elementor-widget-container\">\n\t\t\t\t\t\t\t<div class=\"elementor-accordion\">\n\t\t\t\t\t\t\t<div class=\"elementor-accordion-item\">\n\t\t\t\t\t<h5 id=\"elementor-tab-title-2111\" class=\"elementor-tab-title\" data-tab=\"1\" role=\"button\" aria-controls=\"elementor-tab-content-2111\" aria-expanded=\"false\">\n\t\t\t\t\t\t\t\t\t\t\t\t\t<span class=\"elementor-accordion-icon elementor-accordion-icon-right\" aria-hidden=\"true\">\n\t\t\t\t\t\t\t\t\t\t\t\t\t\t\t<span class=\"elementor-accordion-icon-closed\"><svg xmlns=\"http:\/\/www.w3.org\/2000\/svg\" xmlns:xlink=\"http:\/\/www.w3.org\/1999\/xlink\" x=\"0px\" y=\"0px\" viewBox=\"0 0 19.9 19.9\" style=\"enable-background:new 0 0 19.9 19.9;\" xml:space=\"preserve\"><path d=\"M18,8.8l-5-5 c-0.3-0.3-0.8-0.3-1.1,0c-0.3,0.3-0.3,0.8,0,1.1l3.6,3.6H2.4C2,8.6,1.6,8.9,1.6,9.4c0,0.4,0.3,0.8,0.8,0.8h13.2L12,13.8 c-0.3,0.3-0.3,0.8,0,1.1c0.3,0.3,0.8,0.3,1.1,0l5-5C18.3,9.6,18.3,9.1,18,8.8z\"><\/path><\/svg><\/span>\n\t\t\t\t\t\t\t\t<span class=\"elementor-accordion-icon-opened\"><svg xmlns=\"http:\/\/www.w3.org\/2000\/svg\" xmlns:xlink=\"http:\/\/www.w3.org\/1999\/xlink\" x=\"0px\" y=\"0px\" viewBox=\"0 0 19.9 19.9\" style=\"enable-background:new 0 0 19.9 19.9;\" xml:space=\"preserve\"><path d=\"M16.1,15.3l0-7c0-0.4-0.3-0.8-0.8-0.8c-0.4,0-0.8,0.3-0.8,0.8l0,5.1L5.1,4.1 c-0.3-0.3-0.8-0.3-1.1,0c-0.3,0.3-0.3,0.8,0,1.1l9.4,9.4l-5.1,0c-0.4,0-0.8,0.3-0.8,0.8c0,0.4,0.3,0.8,0.8,0.8l7,0 C15.7,16.1,16.1,15.7,16.1,15.3z\"><\/path><\/svg><\/span>\n\t\t\t\t\t\t\t\t\t\t\t\t\t\t<\/span>\n\t\t\t\t\t\t\t\t\t\t\t\t<a class=\"elementor-accordion-title\" tabindex=\"0\">\u00bfPuedo visitar su sal\u00f3n de exposici\u00f3n o showroom?<\/a>\n\t\t\t\t\t<\/h5>\n\t\t\t\t\t<div id=\"elementor-tab-content-2111\" class=\"elementor-tab-content elementor-clearfix\" data-tab=\"1\" role=\"region\" aria-labelledby=\"elementor-tab-title-2111\"><p>\u00a1Claro que s\u00ed! Estaremos encantados de recibirte en nuestro sal\u00f3n de exposici\u00f3n para que puedas ver nuestros productos y los servicios que ofrecemos en persona. Para brindarte una atenci\u00f3n personalizada y asegurarnos de que podamos dedicarte el tiempo necesario, te pedimos que reserves una cita a trav\u00e9s\u00a0de\u00a0WhatsApp.<\/p><\/div>\n\t\t\t\t<\/div>\n\t\t\t\t\t\t\t<div class=\"elementor-accordion-item\">\n\t\t\t\t\t<h5 id=\"elementor-tab-title-2112\" class=\"elementor-tab-title\" data-tab=\"2\" role=\"button\" aria-controls=\"elementor-tab-content-2112\" aria-expanded=\"false\">\n\t\t\t\t\t\t\t\t\t\t\t\t\t<span class=\"elementor-accordion-icon elementor-accordion-icon-right\" aria-hidden=\"true\">\n\t\t\t\t\t\t\t\t\t\t\t\t\t\t\t<span class=\"elementor-accordion-icon-closed\"><svg xmlns=\"http:\/\/www.w3.org\/2000\/svg\" xmlns:xlink=\"http:\/\/www.w3.org\/1999\/xlink\" x=\"0px\" y=\"0px\" viewBox=\"0 0 19.9 19.9\" style=\"enable-background:new 0 0 19.9 19.9;\" xml:space=\"preserve\"><path d=\"M18,8.8l-5-5 c-0.3-0.3-0.8-0.3-1.1,0c-0.3,0.3-0.3,0.8,0,1.1l3.6,3.6H2.4C2,8.6,1.6,8.9,1.6,9.4c0,0.4,0.3,0.8,0.8,0.8h13.2L12,13.8 c-0.3,0.3-0.3,0.8,0,1.1c0.3,0.3,0.8,0.3,1.1,0l5-5C18.3,9.6,18.3,9.1,18,8.8z\"><\/path><\/svg><\/span>\n\t\t\t\t\t\t\t\t<span class=\"elementor-accordion-icon-opened\"><svg xmlns=\"http:\/\/www.w3.org\/2000\/svg\" xmlns:xlink=\"http:\/\/www.w3.org\/1999\/xlink\" x=\"0px\" y=\"0px\" viewBox=\"0 0 19.9 19.9\" style=\"enable-background:new 0 0 19.9 19.9;\" xml:space=\"preserve\"><path d=\"M16.1,15.3l0-7c0-0.4-0.3-0.8-0.8-0.8c-0.4,0-0.8,0.3-0.8,0.8l0,5.1L5.1,4.1 c-0.3-0.3-0.8-0.3-1.1,0c-0.3,0.3-0.3,0.8,0,1.1l9.4,9.4l-5.1,0c-0.4,0-0.8,0.3-0.8,0.8c0,0.4,0.3,0.8,0.8,0.8l7,0 C15.7,16.1,16.1,15.7,16.1,15.3z\"><\/path><\/svg><\/span>\n\t\t\t\t\t\t\t\t\t\t\t\t\t\t<\/span>\n\t\t\t\t\t\t\t\t\t\t\t\t<a class=\"elementor-accordion-title\" tabindex=\"0\">\u00bfPueden realizar un scouting o visita t\u00e9cnica al lugar\u00a0del\u00a0evento?<\/a>\n\t\t\t\t\t<\/h5>\n\t\t\t\t\t<div id=\"elementor-tab-content-2112\" class=\"elementor-tab-content elementor-clearfix\" data-tab=\"2\" role=\"region\" aria-labelledby=\"elementor-tab-title-2112\"><p>S\u00ed, ofrecemos el servicio gratuito de scouting. Durante esta visita, verificamos los requisitos espec\u00edficos y proporcionamos asesor\u00eda para adaptar nuestros servicios a tus necesidades. Recomendamos realizar un scouting para eventos con m\u00e1s de 100 personas, aunque esta opci\u00f3n es completamente flexible seg\u00fan tus\u00a0preferencias.<\/p><\/div>\n\t\t\t\t<\/div>\n\t\t\t\t\t\t\t<div class=\"elementor-accordion-item\">\n\t\t\t\t\t<h5 id=\"elementor-tab-title-2113\" class=\"elementor-tab-title\" data-tab=\"3\" role=\"button\" aria-controls=\"elementor-tab-content-2113\" aria-expanded=\"false\">\n\t\t\t\t\t\t\t\t\t\t\t\t\t<span class=\"elementor-accordion-icon elementor-accordion-icon-right\" aria-hidden=\"true\">\n\t\t\t\t\t\t\t\t\t\t\t\t\t\t\t<span class=\"elementor-accordion-icon-closed\"><svg xmlns=\"http:\/\/www.w3.org\/2000\/svg\" xmlns:xlink=\"http:\/\/www.w3.org\/1999\/xlink\" x=\"0px\" y=\"0px\" viewBox=\"0 0 19.9 19.9\" style=\"enable-background:new 0 0 19.9 19.9;\" xml:space=\"preserve\"><path d=\"M18,8.8l-5-5 c-0.3-0.3-0.8-0.3-1.1,0c-0.3,0.3-0.3,0.8,0,1.1l3.6,3.6H2.4C2,8.6,1.6,8.9,1.6,9.4c0,0.4,0.3,0.8,0.8,0.8h13.2L12,13.8 c-0.3,0.3-0.3,0.8,0,1.1c0.3,0.3,0.8,0.3,1.1,0l5-5C18.3,9.6,18.3,9.1,18,8.8z\"><\/path><\/svg><\/span>\n\t\t\t\t\t\t\t\t<span class=\"elementor-accordion-icon-opened\"><svg xmlns=\"http:\/\/www.w3.org\/2000\/svg\" xmlns:xlink=\"http:\/\/www.w3.org\/1999\/xlink\" x=\"0px\" y=\"0px\" viewBox=\"0 0 19.9 19.9\" style=\"enable-background:new 0 0 19.9 19.9;\" xml:space=\"preserve\"><path d=\"M16.1,15.3l0-7c0-0.4-0.3-0.8-0.8-0.8c-0.4,0-0.8,0.3-0.8,0.8l0,5.1L5.1,4.1 c-0.3-0.3-0.8-0.3-1.1,0c-0.3,0.3-0.3,0.8,0,1.1l9.4,9.4l-5.1,0c-0.4,0-0.8,0.3-0.8,0.8c0,0.4,0.3,0.8,0.8,0.8l7,0 C15.7,16.1,16.1,15.7,16.1,15.3z\"><\/path><\/svg><\/span>\n\t\t\t\t\t\t\t\t\t\t\t\t\t\t<\/span>\n\t\t\t\t\t\t\t\t\t\t\t\t<a class=\"elementor-accordion-title\" tabindex=\"0\">\u00bfC\u00f3mo puedo solicitar una cotizaci\u00f3n y cu\u00e1nto tiempo de\u00a0antelaci\u00f3n?<\/a>\n\t\t\t\t\t<\/h5>\n\t\t\t\t\t<div id=\"elementor-tab-content-2113\" class=\"elementor-tab-content elementor-clearfix\" data-tab=\"3\" role=\"region\" aria-labelledby=\"elementor-tab-title-2113\"><p>Las cotizaciones y la asesor\u00eda son gratuitas y puedes solicitarlas en cualquier momento del a\u00f1o. Para obtener una cotizaci\u00f3n, simplemente escr\u00edbenos a trav\u00e9s de WhatsApp.<br \/>Es importante tener en cuenta que la reserva de art\u00edculos se realiza por orden de solicitud. Para confirmar tu reserva, se requiere un dep\u00f3sito del 50% y la firma\u00a0del\u00a0contrato.<\/p><\/div>\n\t\t\t\t<\/div>\n\t\t\t\t\t\t\t<div class=\"elementor-accordion-item\">\n\t\t\t\t\t<h5 id=\"elementor-tab-title-2114\" class=\"elementor-tab-title\" data-tab=\"4\" role=\"button\" aria-controls=\"elementor-tab-content-2114\" aria-expanded=\"false\">\n\t\t\t\t\t\t\t\t\t\t\t\t\t<span class=\"elementor-accordion-icon elementor-accordion-icon-right\" aria-hidden=\"true\">\n\t\t\t\t\t\t\t\t\t\t\t\t\t\t\t<span class=\"elementor-accordion-icon-closed\"><svg xmlns=\"http:\/\/www.w3.org\/2000\/svg\" xmlns:xlink=\"http:\/\/www.w3.org\/1999\/xlink\" x=\"0px\" y=\"0px\" viewBox=\"0 0 19.9 19.9\" style=\"enable-background:new 0 0 19.9 19.9;\" xml:space=\"preserve\"><path d=\"M18,8.8l-5-5 c-0.3-0.3-0.8-0.3-1.1,0c-0.3,0.3-0.3,0.8,0,1.1l3.6,3.6H2.4C2,8.6,1.6,8.9,1.6,9.4c0,0.4,0.3,0.8,0.8,0.8h13.2L12,13.8 c-0.3,0.3-0.3,0.8,0,1.1c0.3,0.3,0.8,0.3,1.1,0l5-5C18.3,9.6,18.3,9.1,18,8.8z\"><\/path><\/svg><\/span>\n\t\t\t\t\t\t\t\t<span class=\"elementor-accordion-icon-opened\"><svg xmlns=\"http:\/\/www.w3.org\/2000\/svg\" xmlns:xlink=\"http:\/\/www.w3.org\/1999\/xlink\" x=\"0px\" y=\"0px\" viewBox=\"0 0 19.9 19.9\" style=\"enable-background:new 0 0 19.9 19.9;\" xml:space=\"preserve\"><path d=\"M16.1,15.3l0-7c0-0.4-0.3-0.8-0.8-0.8c-0.4,0-0.8,0.3-0.8,0.8l0,5.1L5.1,4.1 c-0.3-0.3-0.8-0.3-1.1,0c-0.3,0.3-0.3,0.8,0,1.1l9.4,9.4l-5.1,0c-0.4,0-0.8,0.3-0.8,0.8c0,0.4,0.3,0.8,0.8,0.8l7,0 C15.7,16.1,16.1,15.7,16.1,15.3z\"><\/path><\/svg><\/span>\n\t\t\t\t\t\t\t\t\t\t\t\t\t\t<\/span>\n\t\t\t\t\t\t\t\t\t\t\t\t<a class=\"elementor-accordion-title\" tabindex=\"0\">\u00bfHay un monto m\u00ednimo o m\u00e1ximo de alquiler, y se requiere\u00a0garant\u00eda?<\/a>\n\t\t\t\t\t<\/h5>\n\t\t\t\t\t<div id=\"elementor-tab-content-2114\" class=\"elementor-tab-content elementor-clearfix\" data-tab=\"4\" role=\"region\" aria-labelledby=\"elementor-tab-title-2114\"><p>No hay un monto m\u00ednimo o m\u00e1ximo de alquiler. La garant\u00eda depende del valor del pedido y puede oscilar entre USD 30 en adelante. Se requiere presentar un documento de identidad o una papeleta de votaci\u00f3n para completar el proceso de garant\u00eda. Las pol\u00edticas de garant\u00eda para empresas var\u00edan, puedes consultarlo con nuestro asesor.Es importante tener en cuenta que la reserva de art\u00edculos se realiza por orden de solicitud. Para confirmar tu reserva, se requiere un dep\u00f3sito del 50% y la firma del contrato.<\/p><\/div>\n\t\t\t\t<\/div>\n\t\t\t\t\t\t\t<div class=\"elementor-accordion-item\">\n\t\t\t\t\t<h5 id=\"elementor-tab-title-2115\" class=\"elementor-tab-title\" data-tab=\"5\" role=\"button\" aria-controls=\"elementor-tab-content-2115\" aria-expanded=\"false\">\n\t\t\t\t\t\t\t\t\t\t\t\t\t<span class=\"elementor-accordion-icon elementor-accordion-icon-right\" aria-hidden=\"true\">\n\t\t\t\t\t\t\t\t\t\t\t\t\t\t\t<span class=\"elementor-accordion-icon-closed\"><svg xmlns=\"http:\/\/www.w3.org\/2000\/svg\" xmlns:xlink=\"http:\/\/www.w3.org\/1999\/xlink\" x=\"0px\" y=\"0px\" viewBox=\"0 0 19.9 19.9\" style=\"enable-background:new 0 0 19.9 19.9;\" xml:space=\"preserve\"><path d=\"M18,8.8l-5-5 c-0.3-0.3-0.8-0.3-1.1,0c-0.3,0.3-0.3,0.8,0,1.1l3.6,3.6H2.4C2,8.6,1.6,8.9,1.6,9.4c0,0.4,0.3,0.8,0.8,0.8h13.2L12,13.8 c-0.3,0.3-0.3,0.8,0,1.1c0.3,0.3,0.8,0.3,1.1,0l5-5C18.3,9.6,18.3,9.1,18,8.8z\"><\/path><\/svg><\/span>\n\t\t\t\t\t\t\t\t<span class=\"elementor-accordion-icon-opened\"><svg xmlns=\"http:\/\/www.w3.org\/2000\/svg\" xmlns:xlink=\"http:\/\/www.w3.org\/1999\/xlink\" x=\"0px\" y=\"0px\" viewBox=\"0 0 19.9 19.9\" style=\"enable-background:new 0 0 19.9 19.9;\" xml:space=\"preserve\"><path d=\"M16.1,15.3l0-7c0-0.4-0.3-0.8-0.8-0.8c-0.4,0-0.8,0.3-0.8,0.8l0,5.1L5.1,4.1 c-0.3-0.3-0.8-0.3-1.1,0c-0.3,0.3-0.3,0.8,0,1.1l9.4,9.4l-5.1,0c-0.4,0-0.8,0.3-0.8,0.8c0,0.4,0.3,0.8,0.8,0.8l7,0 C15.7,16.1,16.1,15.7,16.1,15.3z\"><\/path><\/svg><\/span>\n\t\t\t\t\t\t\t\t\t\t\t\t\t\t<\/span>\n\t\t\t\t\t\t\t\t\t\t\t\t<a class=\"elementor-accordion-title\" tabindex=\"0\">\u00bfOfrecen servicio de transporte y alquiler en todo\u00a0el\u00a0Ecuador?<\/a>\n\t\t\t\t\t<\/h5>\n\t\t\t\t\t<div id=\"elementor-tab-content-2115\" class=\"elementor-tab-content elementor-clearfix\" data-tab=\"5\" role=\"region\" aria-labelledby=\"elementor-tab-title-2115\"><p>S\u00ed, disponemos de una flota de camiones y camionetas para cubrir transporte en Quito y en todo el pa\u00eds. El costo del servicio var\u00eda seg\u00fan la distancia. Tambi\u00e9n ofrecemos opciones de transporte para cargas peque\u00f1as a trav\u00e9s de plataformas de entrega m\u00f3viles vigentes. Es importante tener en cuenta que la reserva de art\u00edculos se realiza por orden de solicitud. Para confirmar tu reserva, se requiere un dep\u00f3sito del 50% y la firma del contrato.<\/p><\/div>\n\t\t\t\t<\/div>\n\t\t\t\t\t\t\t<div class=\"elementor-accordion-item\">\n\t\t\t\t\t<h5 id=\"elementor-tab-title-2116\" class=\"elementor-tab-title\" data-tab=\"6\" role=\"button\" aria-controls=\"elementor-tab-content-2116\" aria-expanded=\"false\">\n\t\t\t\t\t\t\t\t\t\t\t\t\t<span class=\"elementor-accordion-icon elementor-accordion-icon-right\" aria-hidden=\"true\">\n\t\t\t\t\t\t\t\t\t\t\t\t\t\t\t<span class=\"elementor-accordion-icon-closed\"><svg xmlns=\"http:\/\/www.w3.org\/2000\/svg\" xmlns:xlink=\"http:\/\/www.w3.org\/1999\/xlink\" x=\"0px\" y=\"0px\" viewBox=\"0 0 19.9 19.9\" style=\"enable-background:new 0 0 19.9 19.9;\" xml:space=\"preserve\"><path d=\"M18,8.8l-5-5 c-0.3-0.3-0.8-0.3-1.1,0c-0.3,0.3-0.3,0.8,0,1.1l3.6,3.6H2.4C2,8.6,1.6,8.9,1.6,9.4c0,0.4,0.3,0.8,0.8,0.8h13.2L12,13.8 c-0.3,0.3-0.3,0.8,0,1.1c0.3,0.3,0.8,0.3,1.1,0l5-5C18.3,9.6,18.3,9.1,18,8.8z\"><\/path><\/svg><\/span>\n\t\t\t\t\t\t\t\t<span class=\"elementor-accordion-icon-opened\"><svg xmlns=\"http:\/\/www.w3.org\/2000\/svg\" xmlns:xlink=\"http:\/\/www.w3.org\/1999\/xlink\" x=\"0px\" y=\"0px\" viewBox=\"0 0 19.9 19.9\" style=\"enable-background:new 0 0 19.9 19.9;\" xml:space=\"preserve\"><path d=\"M16.1,15.3l0-7c0-0.4-0.3-0.8-0.8-0.8c-0.4,0-0.8,0.3-0.8,0.8l0,5.1L5.1,4.1 c-0.3-0.3-0.8-0.3-1.1,0c-0.3,0.3-0.3,0.8,0,1.1l9.4,9.4l-5.1,0c-0.4,0-0.8,0.3-0.8,0.8c0,0.4,0.3,0.8,0.8,0.8l7,0 C15.7,16.1,16.1,15.7,16.1,15.3z\"><\/path><\/svg><\/span>\n\t\t\t\t\t\t\t\t\t\t\t\t\t\t<\/span>\n\t\t\t\t\t\t\t\t\t\t\t\t<a class=\"elementor-accordion-title\" tabindex=\"0\">\u00bfOfrecen servicios de montaje y desmontaje?<\/a>\n\t\t\t\t\t<\/h5>\n\t\t\t\t\t<div id=\"elementor-tab-content-2116\" class=\"elementor-tab-content elementor-clearfix\" data-tab=\"6\" role=\"region\" aria-labelledby=\"elementor-tab-title-2116\"><p>S\u00ed, ofrecemos servicio de montaje y desmontaje incluido para carpas, tarimas y pistas de baile en eventos ubicados en edificios de hasta el segundo piso. Para otros niveles o art\u00edculos, los servicios de montaje y desmontaje est\u00e1n disponibles por un recargo\u00a0adicional.<\/p><\/div>\n\t\t\t\t<\/div>\n\t\t\t\t\t\t\t<div class=\"elementor-accordion-item\">\n\t\t\t\t\t<h5 id=\"elementor-tab-title-2117\" class=\"elementor-tab-title\" data-tab=\"7\" role=\"button\" aria-controls=\"elementor-tab-content-2117\" aria-expanded=\"false\">\n\t\t\t\t\t\t\t\t\t\t\t\t\t<span class=\"elementor-accordion-icon elementor-accordion-icon-right\" aria-hidden=\"true\">\n\t\t\t\t\t\t\t\t\t\t\t\t\t\t\t<span class=\"elementor-accordion-icon-closed\"><svg xmlns=\"http:\/\/www.w3.org\/2000\/svg\" xmlns:xlink=\"http:\/\/www.w3.org\/1999\/xlink\" x=\"0px\" y=\"0px\" viewBox=\"0 0 19.9 19.9\" style=\"enable-background:new 0 0 19.9 19.9;\" xml:space=\"preserve\"><path d=\"M18,8.8l-5-5 c-0.3-0.3-0.8-0.3-1.1,0c-0.3,0.3-0.3,0.8,0,1.1l3.6,3.6H2.4C2,8.6,1.6,8.9,1.6,9.4c0,0.4,0.3,0.8,0.8,0.8h13.2L12,13.8 c-0.3,0.3-0.3,0.8,0,1.1c0.3,0.3,0.8,0.3,1.1,0l5-5C18.3,9.6,18.3,9.1,18,8.8z\"><\/path><\/svg><\/span>\n\t\t\t\t\t\t\t\t<span class=\"elementor-accordion-icon-opened\"><svg xmlns=\"http:\/\/www.w3.org\/2000\/svg\" xmlns:xlink=\"http:\/\/www.w3.org\/1999\/xlink\" x=\"0px\" y=\"0px\" viewBox=\"0 0 19.9 19.9\" style=\"enable-background:new 0 0 19.9 19.9;\" xml:space=\"preserve\"><path d=\"M16.1,15.3l0-7c0-0.4-0.3-0.8-0.8-0.8c-0.4,0-0.8,0.3-0.8,0.8l0,5.1L5.1,4.1 c-0.3-0.3-0.8-0.3-1.1,0c-0.3,0.3-0.3,0.8,0,1.1l9.4,9.4l-5.1,0c-0.4,0-0.8,0.3-0.8,0.8c0,0.4,0.3,0.8,0.8,0.8l7,0 C15.7,16.1,16.1,15.7,16.1,15.3z\"><\/path><\/svg><\/span>\n\t\t\t\t\t\t\t\t\t\t\t\t\t\t<\/span>\n\t\t\t\t\t\t\t\t\t\t\t\t<a class=\"elementor-accordion-title\" tabindex=\"0\">\u00bfCu\u00e1l es el procedimiento para devolver los art\u00edculos alquilados despu\u00e9s\u00a0de\u00a0mi\u00a0evento?<\/a>\n\t\t\t\t\t<\/h5>\n\t\t\t\t\t<div id=\"elementor-tab-content-2117\" class=\"elementor-tab-content elementor-clearfix\" data-tab=\"7\" role=\"region\" aria-labelledby=\"elementor-tab-title-2117\"><p>1. Coordinaremos contigo la fecha de retiro si has contratado el servicio de transporte.<br \/>2. Aseg\u00farate de devolver todos los art\u00edculos en las mismas condiciones en que fueron entregados: sillas apiladas, vajilla y cristaler\u00eda limpia, y manteler\u00eda en las fundas entregadas (no es necesario lavar la manteler\u00eda).<br \/>3. Nuestro personal revisar\u00e1 que todo est\u00e9 en perfectas condiciones. Si es as\u00ed, se proceder\u00e1 con la devoluci\u00f3n de la garant\u00eda\u00a0del\u00a0pedido.<\/p><\/div>\n\t\t\t\t<\/div>\n\t\t\t\t\t\t\t<div class=\"elementor-accordion-item\">\n\t\t\t\t\t<h5 id=\"elementor-tab-title-2118\" class=\"elementor-tab-title\" data-tab=\"8\" role=\"button\" aria-controls=\"elementor-tab-content-2118\" aria-expanded=\"false\">\n\t\t\t\t\t\t\t\t\t\t\t\t\t<span class=\"elementor-accordion-icon elementor-accordion-icon-right\" aria-hidden=\"true\">\n\t\t\t\t\t\t\t\t\t\t\t\t\t\t\t<span class=\"elementor-accordion-icon-closed\"><svg xmlns=\"http:\/\/www.w3.org\/2000\/svg\" xmlns:xlink=\"http:\/\/www.w3.org\/1999\/xlink\" x=\"0px\" y=\"0px\" viewBox=\"0 0 19.9 19.9\" style=\"enable-background:new 0 0 19.9 19.9;\" xml:space=\"preserve\"><path d=\"M18,8.8l-5-5 c-0.3-0.3-0.8-0.3-1.1,0c-0.3,0.3-0.3,0.8,0,1.1l3.6,3.6H2.4C2,8.6,1.6,8.9,1.6,9.4c0,0.4,0.3,0.8,0.8,0.8h13.2L12,13.8 c-0.3,0.3-0.3,0.8,0,1.1c0.3,0.3,0.8,0.3,1.1,0l5-5C18.3,9.6,18.3,9.1,18,8.8z\"><\/path><\/svg><\/span>\n\t\t\t\t\t\t\t\t<span class=\"elementor-accordion-icon-opened\"><svg xmlns=\"http:\/\/www.w3.org\/2000\/svg\" xmlns:xlink=\"http:\/\/www.w3.org\/1999\/xlink\" x=\"0px\" y=\"0px\" viewBox=\"0 0 19.9 19.9\" style=\"enable-background:new 0 0 19.9 19.9;\" xml:space=\"preserve\"><path d=\"M16.1,15.3l0-7c0-0.4-0.3-0.8-0.8-0.8c-0.4,0-0.8,0.3-0.8,0.8l0,5.1L5.1,4.1 c-0.3-0.3-0.8-0.3-1.1,0c-0.3,0.3-0.3,0.8,0,1.1l9.4,9.4l-5.1,0c-0.4,0-0.8,0.3-0.8,0.8c0,0.4,0.3,0.8,0.8,0.8l7,0 C15.7,16.1,16.1,15.7,16.1,15.3z\"><\/path><\/svg><\/span>\n\t\t\t\t\t\t\t\t\t\t\t\t\t\t<\/span>\n\t\t\t\t\t\t\t\t\t\t\t\t<a class=\"elementor-accordion-title\" tabindex=\"0\">\u00bfQu\u00e9 sucede si rompo o pierdo un art\u00edculo?<\/a>\n\t\t\t\t\t<\/h5>\n\t\t\t\t\t<div id=\"elementor-tab-content-2118\" class=\"elementor-tab-content elementor-clearfix\" data-tab=\"8\" role=\"region\" aria-labelledby=\"elementor-tab-title-2118\"><p>\u00a1No te preocupes! En caso de da\u00f1o o p\u00e9rdida, te contactaremos para cobrar el costo de reemplazo del art\u00edculo de la garant\u00eda o tambi\u00e9n puedes adquirir el art\u00edculo y devolverlo en nuestra\u00a0oficina.<\/p><\/div>\n\t\t\t\t<\/div>\n\t\t\t\t\t\t\t<div class=\"elementor-accordion-item\">\n\t\t\t\t\t<h5 id=\"elementor-tab-title-2119\" class=\"elementor-tab-title\" data-tab=\"9\" role=\"button\" aria-controls=\"elementor-tab-content-2119\" aria-expanded=\"false\">\n\t\t\t\t\t\t\t\t\t\t\t\t\t<span class=\"elementor-accordion-icon elementor-accordion-icon-right\" aria-hidden=\"true\">\n\t\t\t\t\t\t\t\t\t\t\t\t\t\t\t<span class=\"elementor-accordion-icon-closed\"><svg xmlns=\"http:\/\/www.w3.org\/2000\/svg\" xmlns:xlink=\"http:\/\/www.w3.org\/1999\/xlink\" x=\"0px\" y=\"0px\" viewBox=\"0 0 19.9 19.9\" style=\"enable-background:new 0 0 19.9 19.9;\" xml:space=\"preserve\"><path d=\"M18,8.8l-5-5 c-0.3-0.3-0.8-0.3-1.1,0c-0.3,0.3-0.3,0.8,0,1.1l3.6,3.6H2.4C2,8.6,1.6,8.9,1.6,9.4c0,0.4,0.3,0.8,0.8,0.8h13.2L12,13.8 c-0.3,0.3-0.3,0.8,0,1.1c0.3,0.3,0.8,0.3,1.1,0l5-5C18.3,9.6,18.3,9.1,18,8.8z\"><\/path><\/svg><\/span>\n\t\t\t\t\t\t\t\t<span class=\"elementor-accordion-icon-opened\"><svg xmlns=\"http:\/\/www.w3.org\/2000\/svg\" xmlns:xlink=\"http:\/\/www.w3.org\/1999\/xlink\" x=\"0px\" y=\"0px\" viewBox=\"0 0 19.9 19.9\" style=\"enable-background:new 0 0 19.9 19.9;\" xml:space=\"preserve\"><path d=\"M16.1,15.3l0-7c0-0.4-0.3-0.8-0.8-0.8c-0.4,0-0.8,0.3-0.8,0.8l0,5.1L5.1,4.1 c-0.3-0.3-0.8-0.3-1.1,0c-0.3,0.3-0.3,0.8,0,1.1l9.4,9.4l-5.1,0c-0.4,0-0.8,0.3-0.8,0.8c0,0.4,0.3,0.8,0.8,0.8l7,0 C15.7,16.1,16.1,15.7,16.1,15.3z\"><\/path><\/svg><\/span>\n\t\t\t\t\t\t\t\t\t\t\t\t\t\t<\/span>\n\t\t\t\t\t\t\t\t\t\t\t\t<a class=\"elementor-accordion-title\" tabindex=\"0\">\u00bfTienen pol\u00edtica de cancelaci\u00f3n de\u00a0pedido?<\/a>\n\t\t\t\t\t<\/h5>\n\t\t\t\t\t<div id=\"elementor-tab-content-2119\" class=\"elementor-tab-content elementor-clearfix\" data-tab=\"9\" role=\"region\" aria-labelledby=\"elementor-tab-title-2119\"><p>Si tu evento se suspende, puedes recibir un reembolso completo, menos una tarifa de procesamiento del 5%, si cancelas con al menos 15 d\u00edas de anticipaci\u00f3n. Para cancelaciones realizadas hasta 2 d\u00edas antes del evento, se emitir\u00e1 una nota de cr\u00e9dito para reprogramar la fecha. Despu\u00e9s de ese plazo, el anticipo recibido se retendr\u00e1 sin posibilidad\u00a0de\u00a0reembolso.<\/p><\/div>\n\t\t\t\t<\/div>\n\t\t\t\t\t\t\t\t<\/div>\n\t\t\t\t\t\t<\/div>\n\t\t\t\t<\/div>\n\t\t\t\t\t<\/div>\n\t\t<\/div>\n\t\t\t\t<div class=\"elementor-column elementor-col-16 elementor-top-column elementor-element elementor-element-f9cb946 sc_content_align_inherit sc_layouts_column_icons_position_left sc_fly_static\" data-id=\"f9cb946\" data-element_type=\"column\">\n\t\t\t<div class=\"elementor-widget-wrap\">\n\t\t\t\t\t\t\t<\/div>\n\t\t<\/div>\n\t\t\t\t\t<\/div>\n\t\t<\/section>\n\t\t\t\t<section class=\"elementor-section elementor-top-section elementor-element elementor-element-81711f8 elementor-section-boxed elementor-section-height-default elementor-section-height-default sc_fly_static\" data-id=\"81711f8\" data-element_type=\"section\">\n\t\t\t\t\t\t<div class=\"elementor-container elementor-column-gap-extended\">\n\t\t\t\t\t<div class=\"elementor-column elementor-col-100 elementor-top-column elementor-element elementor-element-17778aa sc_content_align_inherit sc_layouts_column_icons_position_left sc_fly_static\" data-id=\"17778aa\" data-element_type=\"column\">\n\t\t\t<div class=\"elementor-widget-wrap elementor-element-populated\">\n\t\t\t\t\t\t<div class=\"elementor-element elementor-element-5702098 sc_fly_static elementor-widget elementor-widget-spacer\" data-id=\"5702098\" data-element_type=\"widget\" data-widget_type=\"spacer.default\">\n\t\t\t\t<div class=\"elementor-widget-container\">\n\t\t\t\t\t\t\t<div class=\"elementor-spacer\">\n\t\t\t<div class=\"elementor-spacer-inner\"><\/div>\n\t\t<\/div>\n\t\t\t\t\t\t<\/div>\n\t\t\t\t<\/div>\n\t\t\t\t\t<\/div>\n\t\t<\/div>\n\t\t\t\t\t<\/div>\n\t\t<\/section>\n\t\t\t\t<\/div>\n\t\t","protected":false},"excerpt":{"rendered":"<p>Preguntas Frecuentes (FAQs) \u00bfPuedo visitar su sal\u00f3n de exposici\u00f3n o showroom? \u00a1Claro que s\u00ed! Estaremos encantados de recibirte en nuestro sal\u00f3n de exposici\u00f3n para que puedas ver nuestros productos y&hellip;<\/p>\n","protected":false},"author":1,"featured_media":0,"parent":0,"menu_order":0,"comment_status":"closed","ping_status":"closed","template":"","meta":{"pgc_sgb_lightbox_settings":"","footnotes":""},"class_list":["post-61382","page","type-page","status-publish","hentry"],"_links":{"self":[{"href":"https:\/\/alquilerdecarpasquitoecuador.com\/es\/wp-json\/wp\/v2\/pages\/61382","targetHints":{"allow":["GET"]}}],"collection":[{"href":"https:\/\/alquilerdecarpasquitoecuador.com\/es\/wp-json\/wp\/v2\/pages"}],"about":[{"href":"https:\/\/alquilerdecarpasquitoecuador.com\/es\/wp-json\/wp\/v2\/types\/page"}],"author":[{"embeddable":true,"href":"https:\/\/alquilerdecarpasquitoecuador.com\/es\/wp-json\/wp\/v2\/users\/1"}],"replies":[{"embeddable":true,"href":"https:\/\/alquilerdecarpasquitoecuador.com\/es\/wp-json\/wp\/v2\/comments?post=61382"}],"version-history":[{"count":24,"href":"https:\/\/alquilerdecarpasquitoecuador.com\/es\/wp-json\/wp\/v2\/pages\/61382\/revisions"}],"predecessor-version":[{"id":61732,"href":"https:\/\/alquilerdecarpasquitoecuador.com\/es\/wp-json\/wp\/v2\/pages\/61382\/revisions\/61732"}],"wp:attachment":[{"href":"https:\/\/alquilerdecarpasquitoecuador.com\/es\/wp-json\/wp\/v2\/media?parent=61382"}],"curies":[{"name":"wp","href":"https:\/\/api.w.org\/{rel}","templated":true}]}}